{"id":18,"date":"2017-12-30T13:39:47","date_gmt":"2017-12-30T13:39:47","guid":{"rendered":"http:\/\/www.puheterapeuttiullaleinola.fi\/?page_id=18"},"modified":"2024-12-15T08:42:58","modified_gmt":"2024-12-15T08:42:58","slug":"etusivu","status":"publish","type":"page","link":"https:\/\/www.puheterapeuttiullaleinola.fi\/","title":{"rendered":"Ulla Leinola"},"content":{"rendered":"\n<p class=\"has-text-align-left\">Tarjoan puheterapiaa lapsille ja nuorille Kuopiossa ja l\u00e4hikunnissa. Olen valmistunut 2004 Oulun yliopistosta. Pisimp\u00e4\u00e4n olen ty\u00f6skennellyt perusterveydenhuollon puheterapeuttina. T\u00e4m\u00e4n lis\u00e4ksi olen arvioinut, ohjannut ja suunnitellut kuntoutusta osana moniammatillista ty\u00f6ryhm\u00e4\u00e4. Yksityisen\u00e4 ammatinharjoittajana toimimisen aloitin vuonna 2018.<\/p>\n\n\n<div class=\"wp-block-image\">\n<figure class=\"aligncenter\"><a href=\"http:\/\/www.puheterapeuttiullaleinola.fi\/wp-content\/uploads\/2024\/01\/Picture1-removebg-preview-2.jpg\"><img loading=\"lazy\" decoding=\"async\" width=\"291\" height=\"300\" src=\"http:\/\/www.puheterapeuttiullaleinola.fi\/wp-content\/uploads\/2024\/01\/Picture1-removebg-preview-2-291x300.jpg\" alt=\"\" class=\"wp-image-183\" srcset=\"https:\/\/www.puheterapeuttiullaleinola.fi\/wp-content\/uploads\/2024\/01\/Picture1-removebg-preview-2-291x300.jpg 291w, https:\/\/www.puheterapeuttiullaleinola.fi\/wp-content\/uploads\/2024\/01\/Picture1-removebg-preview-2.jpg 464w\" sizes=\"auto, (max-width: 291px) 100vw, 291px\" \/><\/a><\/figure><\/div>","protected":false},"excerpt":{"rendered":"<p>Tarjoan puheterapiaa lapsille ja nuorille Kuopiossa ja l\u00e4hikunnissa. Olen valmistunut 2004 Oulun yliopistosta. Pisimp\u00e4\u00e4n olen ty\u00f6skennellyt perusterveydenhuollon puheterapeuttina. T\u00e4m\u00e4n lis\u00e4ksi olen arvioinut, ohjannut ja suunnitellut kuntoutusta osana moniammatillista ty\u00f6ryhm\u00e4\u00e4. Yksityisen\u00e4 ammatinharjoittajana toimimisen aloitin vuonna 2018.<\/p>\n","protected":false},"author":1,"featured_media":0,"parent":0,"menu_order":0,"comment_status":"closed","ping_status":"closed","template":"","meta":{"footnotes":""},"class_list":["post-18","page","type-page","status-publish","hentry"],"_links":{"self":[{"href":"https:\/\/www.puheterapeuttiullaleinola.fi\/index.php?rest_route=\/wp\/v2\/pages\/18","targetHints":{"allow":["GET"]}}],"collection":[{"href":"https:\/\/www.puheterapeuttiullaleinola.fi\/index.php?rest_route=\/wp\/v2\/pages"}],"about":[{"href":"https:\/\/www.puheterapeuttiullaleinola.fi\/index.php?rest_route=\/wp\/v2\/types\/page"}],"author":[{"embeddable":true,"href":"https:\/\/www.puheterapeuttiullaleinola.fi\/index.php?rest_route=\/wp\/v2\/users\/1"}],"replies":[{"embeddable":true,"href":"https:\/\/www.puheterapeuttiullaleinola.fi\/index.php?rest_route=%2Fwp%2Fv2%2Fcomments&post=18"}],"version-history":[{"count":42,"href":"https:\/\/www.puheterapeuttiullaleinola.fi\/index.php?rest_route=\/wp\/v2\/pages\/18\/revisions"}],"predecessor-version":[{"id":293,"href":"https:\/\/www.puheterapeuttiullaleinola.fi\/index.php?rest_route=\/wp\/v2\/pages\/18\/revisions\/293"}],"wp:attachment":[{"href":"https:\/\/www.puheterapeuttiullaleinola.fi\/index.php?rest_route=%2Fwp%2Fv2%2Fmedia&parent=18"}],"curies":[{"name":"wp","href":"https:\/\/api.w.org\/{rel}","templated":true}]}}